{"id":10715,"date":"2025-02-14T10:09:17","date_gmt":"2025-02-14T09:09:17","guid":{"rendered":"https:\/\/stiftung-tinnitus-und-hoeren-charite.org\/?page_id=10715"},"modified":"2025-05-19T18:51:56","modified_gmt":"2025-05-19T16:51:56","slug":"news-40-26th-tinnitus-symposium-in-berlin","status":"publish","type":"page","link":"https:\/\/stiftung-tinnitus-und-hoeren-charite.org\/en\/news-40-26th-tinnitus-symposium-in-berlin\/","title":{"rendered":"News \u2013 40\/ 26th Tinnitus Symposium in Berlin"},"content":{"rendered":"<section class=\"wpb-content-wrapper\"><p>[vc_row full_width=&#8221;stretch_row&#8221; full_height=&#8221;yes&#8221; columns_placement=&#8221;top&#8221; css=&#8221;.vc_custom_1677499021789{padding-top: 100px !important;padding-bottom: 100px !important;background-color: #ecf0f3 !important;}&#8221;][vc_column][vc_column_text]<div class=\"aioseo-breadcrumbs\"><span class=\"aioseo-breadcrumb\">\n\tHome\n<\/span><\/div>[\/vc_column_text][\/vc_column][vc_column][\/vc_column][vc_column width=&#8221;1\/4&#8243;][vc_single_image image=&#8221;10708&#8243; img_size=&#8221;250&#8243; onclick=&#8221;link_image&#8221;][\/vc_column][vc_column width=&#8221;3\/4&#8243;][vc_column_text]Berlin, 17 February 2025<\/p>\n<h3>26th Tinnitus Symposium in Berlin: December 6, 2025<\/h3>\n<p>The annual International Tinnitus Symposium will take place for the 26th time in Berlin on 6 December 2025. Since 2019, it has been organised by the Tinnitus Centre of Charit\u00e9 &#8211; Universit\u00e4tsmedizin Berlin in cooperation with the German Tinnitus and Hearing Foundation Charit\u00e9. During the event, international experts will present the latest findings from research and practice and provide an overview of the entire spectrum of clinical, diagnostic and therapeutic aspects of tinnitus and hearing disorders &#8211; two topics that are becoming increasingly important. The Foundation was also delighted to announce this year&#8217;s winner of the 7th Tinnitus &amp; Hearing Research Award at the 26th Tinnitus Symposium.<\/p>\n<p>You are interested in participation?<\/p>\n<p>Please find the <strong>preliminary 2025 programme<\/strong>, information about the <strong>ticket fees<\/strong> and the l<strong>ink to the registration plattform<\/strong>\u00a0<strong><a href=\"https:\/\/stiftung-tinnitus-und-hoeren-charite.org\/en\/home\/what-we-do\/science-communication\/#tinnitussymposium-berlin\">here<\/a><\/strong>.<\/p>\n<p>&nbsp;<\/p>\n<p>&nbsp;[\/vc_column_text][\/vc_column][\/vc_row]<\/p>\n<\/section>","protected":false},"excerpt":{"rendered":"<p>[vc_row full_width=&#8221;stretch_row&#8221; full_height=&#8221;yes&#8221; columns_placement=&#8221;top&#8221; css=&#8221;.vc_custom_1677499021789{padding-top: 100px !important;padding-bottom: 100px !important;background-color: #ecf0f3 !important;}&#8221;][vc_column][vc_column_text][\/vc_column_text][\/vc_column][vc_column][\/vc_column][vc_column width=&#8221;1\/4&#8243;][vc_single_image image=&#8221;10708&#8243; img_size=&#8221;250&#8243; onclick=&#8221;link_image&#8221;][\/vc_column][vc_column width=&#8221;3\/4&#8243;][vc_column_text]Berlin, 17 February 2025 26th Tinnitus Symposium in [&hellip;]<\/p>\n","protected":false},"author":3,"featured_media":0,"parent":0,"menu_order":117,"comment_status":"closed","ping_status":"closed","template":"","meta":{"footnotes":""},"class_list":["post-10715","page","type-page","status-publish","hentry"],"aioseo_notices":[],"_links":{"self":[{"href":"https:\/\/stiftung-tinnitus-und-hoeren-charite.org\/en\/wp-json\/wp\/v2\/pages\/10715","targetHints":{"allow":["GET"]}}],"collection":[{"href":"https:\/\/stiftung-tinnitus-und-hoeren-charite.org\/en\/wp-json\/wp\/v2\/pages"}],"about":[{"href":"https:\/\/stiftung-tinnitus-und-hoeren-charite.org\/en\/wp-json\/wp\/v2\/types\/page"}],"author":[{"embeddable":true,"href":"https:\/\/stiftung-tinnitus-und-hoeren-charite.org\/en\/wp-json\/wp\/v2\/users\/3"}],"replies":[{"embeddable":true,"href":"https:\/\/stiftung-tinnitus-und-hoeren-charite.org\/en\/wp-json\/wp\/v2\/comments?post=10715"}],"version-history":[{"count":4,"href":"https:\/\/stiftung-tinnitus-und-hoeren-charite.org\/en\/wp-json\/wp\/v2\/pages\/10715\/revisions"}],"predecessor-version":[{"id":10754,"href":"https:\/\/stiftung-tinnitus-und-hoeren-charite.org\/en\/wp-json\/wp\/v2\/pages\/10715\/revisions\/10754"}],"wp:attachment":[{"href":"https:\/\/stiftung-tinnitus-und-hoeren-charite.org\/en\/wp-json\/wp\/v2\/media?parent=10715"}],"curies":[{"name":"wp","href":"https:\/\/api.w.org\/{rel}","templated":true}]}}