{"id":11399,"date":"2025-11-24T12:54:23","date_gmt":"2025-11-24T11:54:23","guid":{"rendered":"https:\/\/stiftung-tinnitus-und-hoeren-charite.org\/?page_id=11399"},"modified":"2025-11-24T12:55:21","modified_gmt":"2025-11-24T11:55:21","slug":"menieres-disease","status":"publish","type":"page","link":"https:\/\/stiftung-tinnitus-und-hoeren-charite.org\/en\/home\/tinnitus-hearing\/tinnitus-hearing-loss-more-2\/menieres-disease\/","title":{"rendered":"Meniere&#8217;s disease"},"content":{"rendered":"<section class=\"wpb-content-wrapper\"><p>[vc_row full_width=&#8221;stretch_row&#8221; full_height=&#8221;yes&#8221; columns_placement=&#8221;top&#8221; css=&#8221;.vc_custom_1677499021789{padding-top: 100px !important;padding-bottom: 100px !important;background-color: #ecf0f3 !important;}&#8221;][vc_column][vc_column_text]<div class=\"aioseo-breadcrumbs\"><span class=\"aioseo-breadcrumb\">\n\tHome\n<\/span><\/div>[\/vc_column_text][\/vc_column][vc_column][vc_empty_space][vc_row_inner][vc_column_inner][vc_column_text]<\/p>\n<h3>Meniere&#8217;s disease<\/h3>\n<p>[\/vc_column_text][\/vc_column_inner][\/vc_row_inner][vc_row_inner][vc_column_inner][vc_empty_space][\/vc_column_inner][\/vc_row_inner][\/vc_column][vc_column width=&#8221;1\/2&#8243;][vc_single_image image=&#8221;11341&#8243; img_size=&#8221;500&#215;500&#8243; onclick=&#8221;link_image&#8221;][\/vc_column][vc_column width=&#8221;1\/2&#8243;][vc_column_text]<\/p>\n<div class=\"wpb_text_column wpb_content_element \">\n<div class=\"wpb_wrapper\">\n<div class=\"csc-textpic csc-textpic-intext-right\">\n<div class=\"csc-textpic-text\">\n<p><strong>What is Meniere\u2019s disease?<br \/>\n<\/strong>Meniere\u2019s disease is a chronic disorder of the inner ear that results from a disturbance in fluid balance. This causes excess pressure and rupture of membranes in the inner ear, leading to rotary vertigo, hearing loss and tinnitus. As a result, the quality of life of those affected is usually very severely impaired.<\/p>\n<p><strong>Symptoms<br \/>\n<\/strong>Typical symptoms of Meniere\u2019s disease include dizziness, tinnitus, hearing loss and a feeling of ear congestion. Affected individuals may suffer from violent attacks of vertigo that can last from several hours to days. The dizziness may be accompanied by nausea and vomiting and often leads to a reduction in quality of life. Another accompanying symptom is tinnitus. In advanced stages of the disease, hearing loss may also occur.<\/p>\n<p><strong>Causes<br \/>\n<\/strong>The exact causes of Meniere\u2019s disease are still unknown. However, it is suspected that changes in the immune system, genetic factors or circulatory disorders in the inner ear may play a role. Overproduction or insufficient reabsorption of inner ear fluid (endolymph) is also discussed as a possible cause.<\/p>\n<p><strong>Diagnosis<br \/>\n<\/strong>Diagnosis of Meniere\u2019s disease is usually made through a combination of history, physical examination and hearing tests. An examination of the vestibular organ may also be performed to diagnose the vertigo and rule out other causes.<\/p>\n<p><strong>Treatment options<br \/>\n<\/strong>There are various therapies available to alleviate symptoms and slow the progression of the disease.<\/p>\n<p><strong>Distribution<br \/>\n<\/strong>Meniere\u2019s disease is rare and occurs in 0.01% of the population, mostly between the ages of 45 and 60. Women are affected more frequently than men.<\/p>\n<\/div>\n<\/div>\n<\/div>\n<\/div>\n<div class=\"wpb_text_column wpb_content_element \">\n<div class=\"wpb_wrapper\">\n<h6>Sources:<br \/>\n1 Deutsche Gesellschaft f\u00fcr Hals-Nasen-Ohren-Heilkunde, Kopf- und Hals-Chirurgie e. V. (Ed.), S2k-Leitlinie Vestibul\u00e4re Funktionsst\u00f6rungen, AWMF-Register-Nr. 017\/078, May 2021: https:\/\/www.awmf.org\/uploads\/tx_szleitlinien\/017-078l_S2k_Vestibulaere-Funktionsstoerungen_2021-05.pdf<br \/>\n2 German Neurological Society (ed.), Further Evidence for Intratympanic Therapy in Meniere\u2019s Disease, Feb. 2022, https:\/\/dgn.org\/artikel\/2363<\/h6>\n<\/div>\n<\/div>\n<p>[\/vc_column_text][\/vc_column][\/vc_row]<\/p>\n<\/section>","protected":false},"excerpt":{"rendered":"<p>[vc_row full_width=&#8221;stretch_row&#8221; full_height=&#8221;yes&#8221; columns_placement=&#8221;top&#8221; css=&#8221;.vc_custom_1677499021789{padding-top: 100px !important;padding-bottom: 100px !important;background-color: #ecf0f3 !important;}&#8221;][vc_column][vc_column_text][\/vc_column_text][\/vc_column][vc_column][vc_empty_space][vc_row_inner][vc_column_inner][vc_column_text] Meniere&#8217;s disease [\/vc_column_text][\/vc_column_inner][\/vc_row_inner][vc_row_inner][vc_column_inner][vc_empty_space][\/vc_column_inner][\/vc_row_inner][\/vc_column][vc_column width=&#8221;1\/2&#8243;][vc_single_image image=&#8221;11341&#8243; img_size=&#8221;500&#215;500&#8243; onclick=&#8221;link_image&#8221;][\/vc_column][vc_column width=&#8221;1\/2&#8243;][vc_column_text] What is Meniere\u2019s disease? [&hellip;]<\/p>\n","protected":false},"author":3,"featured_media":0,"parent":11380,"menu_order":68,"comment_status":"closed","ping_status":"closed","template":"","meta":{"footnotes":""},"class_list":["post-11399","page","type-page","status-publish","hentry"],"aioseo_notices":[],"_links":{"self":[{"href":"https:\/\/stiftung-tinnitus-und-hoeren-charite.org\/en\/wp-json\/wp\/v2\/pages\/11399","targetHints":{"allow":["GET"]}}],"collection":[{"href":"https:\/\/stiftung-tinnitus-und-hoeren-charite.org\/en\/wp-json\/wp\/v2\/pages"}],"about":[{"href":"https:\/\/stiftung-tinnitus-und-hoeren-charite.org\/en\/wp-json\/wp\/v2\/types\/page"}],"author":[{"embeddable":true,"href":"https:\/\/stiftung-tinnitus-und-hoeren-charite.org\/en\/wp-json\/wp\/v2\/users\/3"}],"replies":[{"embeddable":true,"href":"https:\/\/stiftung-tinnitus-und-hoeren-charite.org\/en\/wp-json\/wp\/v2\/comments?post=11399"}],"version-history":[{"count":2,"href":"https:\/\/stiftung-tinnitus-und-hoeren-charite.org\/en\/wp-json\/wp\/v2\/pages\/11399\/revisions"}],"predecessor-version":[{"id":11402,"href":"https:\/\/stiftung-tinnitus-und-hoeren-charite.org\/en\/wp-json\/wp\/v2\/pages\/11399\/revisions\/11402"}],"up":[{"embeddable":true,"href":"https:\/\/stiftung-tinnitus-und-hoeren-charite.org\/en\/wp-json\/wp\/v2\/pages\/11380"}],"wp:attachment":[{"href":"https:\/\/stiftung-tinnitus-und-hoeren-charite.org\/en\/wp-json\/wp\/v2\/media?parent=11399"}],"curies":[{"name":"wp","href":"https:\/\/api.w.org\/{rel}","templated":true}]}}