{"id":8753,"date":"2017-02-04T14:06:28","date_gmt":"2017-02-04T13:06:28","guid":{"rendered":"https:\/\/stiftung-tinnitus-und-hoeren-charite.org\/home\/who-we-are\/"},"modified":"2025-11-25T15:37:25","modified_gmt":"2025-11-25T14:37:25","slug":"who-we-are","status":"publish","type":"page","link":"https:\/\/stiftung-tinnitus-und-hoeren-charite.org\/en\/home\/who-we-are\/","title":{"rendered":"Who we are"},"content":{"rendered":"<section class=\"wpb-content-wrapper\"><p>[vc_row full_width=&#8221;stretch_row&#8221; full_height=&#8221;yes&#8221; content_placement=&#8221;middle&#8221; parallax=&#8221;content-moving-fade&#8221; parallax_image=&#8221;7399&#8243; css=&#8221;.vc_custom_1689334279862{padding-top: 100px !important;padding-bottom: 100px !important;background-color: #ffffff !important;}&#8221;][vc_column css_animation=&#8221;none&#8221;][vc_column_text css_animation=&#8221;fadeInUp&#8221; css=&#8221;.vc_custom_1689749541350{padding-bottom: 35px !important;}&#8221;]<\/p>\n<h1 style=\"text-align: left;\"><b>WHO WE ARE<\/b><\/h1>\n<p>[\/vc_column_text][vc_column_text css_animation=&#8221;fadeInUp&#8221;]The foundation was established in 2011 at the Tinnitus Center Charit\u00e9 &#8211; Universit\u00e4tsmedizin Berlin as the &#8220;German Tinnitus Foundation Charit\u00e9&#8221;. The center is the leading one of its kind in Germany and has been treating tinnitus patients for 26 years.<\/p>\n<p style=\"text-align: left; margin-top: 20px;\">In 2019, the foundation&#8217;s objectives were realigned and the focus of the foundation&#8217;s work was expanded to include the topic of hearing. Since then, it has been a central concern of ours to focus our communication work not only on tinnitus alone, but also to sensitize the public to the fascination of hearing as a whole. In addition, we provide information about other diseases of the inner ear, such as hearing loss, Meniere&#8217;s disease or hyperacusis, and promote research in these areas as well.<\/p>\n<p style=\"text-align: left; margin-top: 20px;\">The work of the foundation is only possible because many individuals and companies are personally committed to the goals of the foundation and support us through donations, sponsorship and, above all, great voluntary commitment. Our thanks go to all of you!<\/p>\n<p>[\/vc_column_text][vc_empty_space height=&#8221;75&#8243;][vc_row_inner equal_height=&#8221;yes&#8221; css=&#8221;.vc_custom_1692897628464{margin-right: -15px !important;margin-left: -15px !important;}&#8221;][vc_column_inner width=&#8221;1\/4&#8243;]<a href=\"https:\/\/stiftung-tinnitus-und-hoeren-charite.org\/en\/home\/who-we-are\/foundation\/\" target=\"\" title=\"The Foundation\"><div class=\"cb-container kd-animated fadeInLeft cb_main_color cont-left \" ><div class=\"cb-img-area\"><\/div><div class=\"cb-text-area\">\n                    <h4 class=\"cb-heading with-subtitle\" >THE FOUNDATION<\/br><\/br><\/h4>\n                    <span class=\"cb-subtitle\" >READ MORE<\/span>\n                    <p ><\/p><\/div><\/div><\/a>[vc_empty_space height=&#8221;43&#8243;][\/vc_column_inner][vc_column_inner width=&#8221;1\/4&#8243;]<a href=\"https:\/\/stiftung-tinnitus-und-hoeren-charite.org\/en\/home\/who-we-are\/boards\/\" target=\"\" title=\"Boards\"><div class=\"cb-container kd-animated fadeInUp cb_main_color cont-left \" data-animation-delay=200><div class=\"cb-img-area\"><\/div><div class=\"cb-text-area\">\n                    <h4 class=\"cb-heading with-subtitle\" >BOARDS<\/br><\/br><\/h4>\n                    <span class=\"cb-subtitle\" >READ MORE<\/span>\n                    <p ><\/p><\/div><\/div><\/a>[vc_empty_space height=&#8221;43&#8243;][\/vc_column_inner][vc_column_inner width=&#8221;1\/4&#8243;]<a href=\"https:\/\/stiftung-tinnitus-und-hoeren-charite.org\/en\/home\/who-we-are\/ambassadors\/\" target=\"\" title=\"Ambassadors\"><div class=\"cb-container kd-animated fadeInRight cb_main_color cont-left \" data-animation-delay=600><div class=\"cb-img-area\"><\/div><div class=\"cb-text-area\">\n                    <h4 class=\"cb-heading with-subtitle\" >AMBASSADORS<\/br><\/br><\/h4>\n                    <span class=\"cb-subtitle\" >READ MORE<\/span>\n                    <p ><\/p><\/div><\/div><\/a>[vc_empty_space height=&#8221;43&#8243;][\/vc_column_inner][vc_column_inner width=&#8221;1\/4&#8243;]<a href=\"https:\/\/stiftung-tinnitus-und-hoeren-charite.org\/en\/home\/who-we-are\/network\/\" target=\"\" title=\"Network\"><div class=\"cb-container kd-animated fadeInUp cb_main_color cont-left \" data-animation-delay=200><div class=\"cb-img-area\"><\/div><div class=\"cb-text-area\">\n                    <h4 class=\"cb-heading with-subtitle\" >NETWORK<\/br><\/br><\/h4>\n                    <span class=\"cb-subtitle\" >READ MORE<\/span>\n                    <p ><\/p><\/div><\/div><\/a>[vc_empty_space height=&#8221;43&#8243;][\/vc_column_inner][\/vc_row_inner][\/vc_column][\/vc_row]<\/p>\n<\/section>","protected":false},"excerpt":{"rendered":"<p>[vc_row full_width=&#8221;stretch_row&#8221; full_height=&#8221;yes&#8221; content_placement=&#8221;middle&#8221; parallax=&#8221;content-moving-fade&#8221; parallax_image=&#8221;7399&#8243; css=&#8221;.vc_custom_1689334279862{padding-top: 100px !important;padding-bottom: 100px !important;background-color: #ffffff !important;}&#8221;][vc_column css_animation=&#8221;none&#8221;][vc_column_text css_animation=&#8221;fadeInUp&#8221; css=&#8221;.vc_custom_1689749541350{padding-bottom: 35px !important;}&#8221;] WHO WE ARE [\/vc_column_text][vc_column_text css_animation=&#8221;fadeInUp&#8221;]The [&hellip;]<\/p>\n","protected":false},"author":2,"featured_media":0,"parent":8745,"menu_order":37,"comment_status":"closed","ping_status":"closed","template":"","meta":{"footnotes":""},"class_list":["post-8753","page","type-page","status-publish","hentry"],"aioseo_notices":[],"_links":{"self":[{"href":"https:\/\/stiftung-tinnitus-und-hoeren-charite.org\/en\/wp-json\/wp\/v2\/pages\/8753","targetHints":{"allow":["GET"]}}],"collection":[{"href":"https:\/\/stiftung-tinnitus-und-hoeren-charite.org\/en\/wp-json\/wp\/v2\/pages"}],"about":[{"href":"https:\/\/stiftung-tinnitus-und-hoeren-charite.org\/en\/wp-json\/wp\/v2\/types\/page"}],"author":[{"embeddable":true,"href":"https:\/\/stiftung-tinnitus-und-hoeren-charite.org\/en\/wp-json\/wp\/v2\/users\/2"}],"replies":[{"embeddable":true,"href":"https:\/\/stiftung-tinnitus-und-hoeren-charite.org\/en\/wp-json\/wp\/v2\/comments?post=8753"}],"version-history":[{"count":19,"href":"https:\/\/stiftung-tinnitus-und-hoeren-charite.org\/en\/wp-json\/wp\/v2\/pages\/8753\/revisions"}],"predecessor-version":[{"id":11594,"href":"https:\/\/stiftung-tinnitus-und-hoeren-charite.org\/en\/wp-json\/wp\/v2\/pages\/8753\/revisions\/11594"}],"up":[{"embeddable":true,"href":"https:\/\/stiftung-tinnitus-und-hoeren-charite.org\/en\/wp-json\/wp\/v2\/pages\/8745"}],"wp:attachment":[{"href":"https:\/\/stiftung-tinnitus-und-hoeren-charite.org\/en\/wp-json\/wp\/v2\/media?parent=8753"}],"curies":[{"name":"wp","href":"https:\/\/api.w.org\/{rel}","templated":true}]}}