{"id":8947,"date":"2023-07-13T17:43:18","date_gmt":"2023-07-13T15:43:18","guid":{"rendered":"https:\/\/stiftung-tinnitus-und-hoeren-charite.org\/home\/who-we-are\/committees-foundation-board\/"},"modified":"2025-11-25T15:33:01","modified_gmt":"2025-11-25T14:33:01","slug":"executive-board","status":"publish","type":"page","link":"https:\/\/stiftung-tinnitus-und-hoeren-charite.org\/en\/home\/who-we-are\/boards\/executive-board\/","title":{"rendered":"Executive Board"},"content":{"rendered":"<section class=\"wpb-content-wrapper\"><p>[vc_row full_width=&#8221;stretch_row&#8221; full_height=&#8221;yes&#8221; columns_placement=&#8221;top&#8221; css=&#8221;.vc_custom_1689237084965{padding-top: 100px !important;padding-bottom: 100px !important;background-color: #ecf0f3 !important;}&#8221;][vc_column][vc_column_text]<div class=\"aioseo-breadcrumbs\"><span class=\"aioseo-breadcrumb\">\n\tHome\n<\/span><\/div>[\/vc_column_text][vc_column_text]<\/p>\n<h3>EXECUTIVE BOARD<\/h3>\n<p>The Foundation Tinnitus and Hearing Charit\u00e9 is managed by a four-member Executive Board, which represents the Foundation both in and out of court and administers it on its own responsibility in accordance with the Foundation&#8217;s statutes (see Foundation Statutes \u00a7 7). The chairperson is Professor Dr. Birgit Mazurek, Director of the Tinnitus Center Charit\u00e9 &#8211; Universit\u00e4tsmedizin Berlin.[\/vc_column_text][vc_empty_space height=&#8221;74&#8243;][vc_row_inner][vc_column_inner width=&#8221;1\/6&#8243;][vc_single_image image=&#8221;9743&#8243; img_size=&#8221;200&#215;200&#8243; alignment=&#8221;right&#8221; css=&#8221;.vc_custom_1764080841340{margin-left: -15px !important;}&#8221;][vc_column_text]<\/p>\n<h6 style=\"color: #919191; font-size: 14px; font-weight: bold; line-height: 1.5; text-align: right;\">Photo:<br \/>\nM. Schwickerath<\/h6>\n<p>[\/vc_column_text][\/vc_column_inner][vc_column_inner width=&#8221;5\/6&#8243;][vc_column_text css=&#8221;.vc_custom_1721061956932{padding-top: 15px !important;padding-right: 15px !important;padding-bottom: 15px !important;padding-left: 15px !important;background-color: #ffffff !important;border-radius: 10px !important;}&#8221;]<b>Prof. Dr. med. Birgit Mazurek, Chairwoman of the Executive Board<br \/>\n<\/b><\/p>\n<p>After completing her ENT residency, Prof. Dr. Birgit Mazurek established the Tinnitus Center of the Charit\u00e9 since 2001. In order to offer patients with severe tinnitus interdisciplinary care, the center was expanded in 2003 to include a day clinic.<\/p>\n<p>Prof. Dr. Birgit Mazurek conducts basic research and publishes in the field of changes in the auditory system. The Tinnitus Symposium, organized annually by the Center together with the Foundation, serves to promote interdisciplinary scientific communication. Prof. Dr. Birgit Mazurek was president of both the XI World Tinnitus Congress (2014) and the 55th Inner Ear Biology Congress (2018), both held in Berlin.<\/p>\n<blockquote>\n<p>&#8220;There is a lack of money to expand tinnitus research in Germany. That&#8217;s why I&#8217;m involved with the German Tinnitus and Hearing Foundation Charit\u00e9.&#8221;<\/p>\n<\/blockquote>\n<p>[\/vc_column_text][vc_empty_space][\/vc_column_inner][\/vc_row_inner][vc_row_inner][vc_column_inner width=&#8221;1\/6&#8243;][vc_single_image image=&#8221;8609&#8243; img_size=&#8221;200&#215;200&#8243; alignment=&#8221;right&#8221; css=&#8221;.vc_custom_1764080865031{margin-left: -15px !important;}&#8221;][\/vc_column_inner][vc_column_inner width=&#8221;5\/6&#8243;][vc_column_text css=&#8221;.vc_custom_1764080937890{padding-top: 15px !important;padding-right: 15px !important;padding-bottom: 15px !important;padding-left: 15px !important;background-color: #ffffff !important;border-radius: 10px !important;}&#8221;]<b>Dr. Magnus R\u00fcde, Deputy Chairman of the Board<\/b><\/p>\n<p>Dr. Magnus R\u00fcde was appointed Managing Director of the Executive Board of Charit\u00e9 &#8211; Universit\u00e4tsmedizin Berlin in 2017, having already been Head of the Staff Office of the Executive Board of Charit\u00e9 since 2010.<\/p>\n<p>He holds a doctorate in history from the Humboldt University in Berlin; he has a Master of Management degree from the Malik Management Zentrum St. Gallen. He has distinguished himself as an author and editor of publications on knowledge management. Dr. R\u00fcde explains his involvement in the German Foundation Tinnitus and Hearing Charit\u00e9 thus:<\/p>\n<blockquote>\n<p><i>&#8220;Tinnitus is one of those common diseases that still receives too little attention in academic medicine. With its commitment, the foundation is making a valuable contribution to medical research, treatment and education that will improve the lives of more than 7 million people in Germany.&#8221;<\/i><\/p>\n<\/blockquote>\n<p>[\/vc_column_text][vc_empty_space][\/vc_column_inner][\/vc_row_inner][vc_row_inner][vc_column_inner width=&#8221;1\/6&#8243;][vc_single_image image=&#8221;8607&#8243; img_size=&#8221;200&#215;200&#8243; alignment=&#8221;right&#8221; css=&#8221;.vc_custom_1764080849451{margin-left: -15px !important;}&#8221;][\/vc_column_inner][vc_column_inner width=&#8221;5\/6&#8243;][vc_column_text css=&#8221;.vc_custom_1689263385373{padding-top: 15px !important;padding-right: 15px !important;padding-bottom: 15px !important;padding-left: 15px !important;background-color: #ffffff !important;border-radius: 10px !important;}&#8221;]<strong>Dipl.-Ing., Dr. rer.pol. Lutz Mackebrandt<\/strong><\/p>\n<p>In 1975, Dr. Mackebrandt founded CMS Societ\u00e4t f\u00fcr Unternehmensberatung GmbH, which, as Restrukturierungspartner jwt GmbH &amp; Co. KG, has become one of the leading management consulting firms for restructuring and in the event of insolvency. Dr. Mackebrandt is co-editor of the journal &#8220;KSI. Krisen-, Sanierungs- und Insolvenzberatung&#8221;.<\/p>\n<p>His honorary posts: Honorary member of the Bundesverband Deutscher Unternehmensberater BDU e.V. (since 2019, Member of the Executive Committee 1999-2016) \/ Deputy Chairman of the BDU e.V. (since 2019, Member of the Executive Committee 1999-2016). Member of the Board of Directors of the Federal Employment Agency (2002-2018) \/ Vice-President of the Federal Association of Liberal Professions (2000-2016).<\/p>\n<blockquote>\n<p><i>&#8220;Millions of people suffer from tinnitus. Our foundation is a way for those affected to help themselves. But it is also important for society as a whole. Because by being mindful, we can protect our hearing so that suffering doesn&#8217;t happen in the first place.&#8221;<\/i><\/p>\n<\/blockquote>\n<p>[\/vc_column_text][vc_empty_space][\/vc_column_inner][\/vc_row_inner][vc_row_inner][vc_column_inner width=&#8221;1\/6&#8243;][vc_single_image image=&#8221;8608&#8243; img_size=&#8221;200&#215;200&#8243; alignment=&#8221;right&#8221; css=&#8221;.vc_custom_1764080857275{margin-left: -15px !important;}&#8221;][\/vc_column_inner][vc_column_inner width=&#8221;5\/6&#8243;][vc_column_text css=&#8221;.vc_custom_1721062011776{padding-top: 15px !important;padding-right: 15px !important;padding-bottom: 15px !important;padding-left: 15px !important;background-color: #ffffff !important;border-radius: 10px !important;}&#8221;]<strong>Dr. Kurt Ansch\u00fctz<\/strong><\/p>\n<p>Dr. Ansch\u00fctz received his doctorate in contemporary church history from the University of Heidelberg; he has published on the relationship between Protestantism and National Socialism and on the significance of foreign reconciliation work for Berlin&#8217;s postwar history. Postgradually, he earned the title of Fundraising Manager (FM\/FA). Until 2009, Dr. Ansch\u00fctz was the managing director of B\u00fcrgerstiftung Neuk\u00f6lln. In 2010, he was appointed founding coordinator of the German Foundation Tinnitus and Hearing Charit\u00e9 and subsequently its Managing Director. In September 2021, Dr. Ansch\u00fctz was appointed to the Foundation&#8217;s Executive Board.<\/p>\n<blockquote>\n<p><i>&#8220;In our foundation, we have set ourselves a comprehensive mission: We provide research funding, we organize international science communication, we are involved in prevention, and throughout Europe we promote the cooperation of self-help organizations. We try to motivate as many people as possible to support us: Because everyone can help to ensure that the lonely tinnitus condition finally receives the necessary public attention in Germany as well. And all of them can contribute to the foundation&#8217;s continued success through donations. That&#8217;s why I&#8217;m confident and happy to get involved on the board now.&#8221;<\/i><\/p>\n<\/blockquote>\n<p>[\/vc_column_text][vc_empty_space][\/vc_column_inner][\/vc_row_inner][vc_empty_space][\/vc_column][\/vc_row]<\/p>\n<\/section>","protected":false},"excerpt":{"rendered":"<p>[vc_row full_width=&#8221;stretch_row&#8221; full_height=&#8221;yes&#8221; columns_placement=&#8221;top&#8221; css=&#8221;.vc_custom_1689237084965{padding-top: 100px !important;padding-bottom: 100px !important;background-color: #ecf0f3 !important;}&#8221;][vc_column][vc_column_text][\/vc_column_text][vc_column_text] EXECUTIVE BOARD The Foundation Tinnitus and Hearing Charit\u00e9 is managed by a [&hellip;]<\/p>\n","protected":false},"author":2,"featured_media":0,"parent":8854,"menu_order":42,"comment_status":"closed","ping_status":"closed","template":"","meta":{"footnotes":""},"class_list":["post-8947","page","type-page","status-publish","hentry"],"aioseo_notices":[],"_links":{"self":[{"href":"https:\/\/stiftung-tinnitus-und-hoeren-charite.org\/en\/wp-json\/wp\/v2\/pages\/8947","targetHints":{"allow":["GET"]}}],"collection":[{"href":"https:\/\/stiftung-tinnitus-und-hoeren-charite.org\/en\/wp-json\/wp\/v2\/pages"}],"about":[{"href":"https:\/\/stiftung-tinnitus-und-hoeren-charite.org\/en\/wp-json\/wp\/v2\/types\/page"}],"author":[{"embeddable":true,"href":"https:\/\/stiftung-tinnitus-und-hoeren-charite.org\/en\/wp-json\/wp\/v2\/users\/2"}],"replies":[{"embeddable":true,"href":"https:\/\/stiftung-tinnitus-und-hoeren-charite.org\/en\/wp-json\/wp\/v2\/comments?post=8947"}],"version-history":[{"count":15,"href":"https:\/\/stiftung-tinnitus-und-hoeren-charite.org\/en\/wp-json\/wp\/v2\/pages\/8947\/revisions"}],"predecessor-version":[{"id":11613,"href":"https:\/\/stiftung-tinnitus-und-hoeren-charite.org\/en\/wp-json\/wp\/v2\/pages\/8947\/revisions\/11613"}],"up":[{"embeddable":true,"href":"https:\/\/stiftung-tinnitus-und-hoeren-charite.org\/en\/wp-json\/wp\/v2\/pages\/8854"}],"wp:attachment":[{"href":"https:\/\/stiftung-tinnitus-und-hoeren-charite.org\/en\/wp-json\/wp\/v2\/media?parent=8947"}],"curies":[{"name":"wp","href":"https:\/\/api.w.org\/{rel}","templated":true}]}}